{"id":328,"date":"2026-03-09T20:41:30","date_gmt":"2026-03-09T19:41:30","guid":{"rendered":"https:\/\/red24.hu\/?page_id=328"},"modified":"2026-03-27T13:51:50","modified_gmt":"2026-03-27T12:51:50","slug":"impresszum","status":"publish","type":"page","link":"https:\/\/red24.hu\/en\/impresszum\/","title":{"rendered":"Imprint"},"content":{"rendered":"<div data-elementor-type=\"wp-page\" data-elementor-id=\"328\" class=\"elementor elementor-328\" data-elementor-post-type=\"page\">\n\t\t\t\t<div class=\"elementor-element elementor-element-66ca0d6 e-flex e-con-boxed e-con e-parent\" data-id=\"66ca0d6\" data-element_type=\"container\" data-e-type=\"container\">\n\t\t\t\t\t<div class=\"e-con-inner\">\n\t\t\t\t<div class=\"elementor-element elementor-element-4ae7a2c elementor-widget elementor-widget-heading\" data-id=\"4ae7a2c\" data-element_type=\"widget\" data-e-type=\"widget\" data-widget_type=\"heading.default\">\n\t\t\t\t\t<h2 class=\"elementor-heading-title elementor-size-default\">Imprint<\/h2>\t\t\t\t<\/div>\n\t\t\t\t<div class=\"elementor-element elementor-element-3f788eb elementor-widget elementor-widget-text-editor\" data-id=\"3f788eb\" data-element_type=\"widget\" data-e-type=\"widget\" data-widget_type=\"text-editor.default\">\n\t\t\t\t\t\t\t\t\t<p><strong>\u00dczemeltet\u0151 megnevez\u00e9se: <\/strong>Red Energy Kft.<\/p><p><strong>V\u00e1ll. azonos\u00edt\u00f3 sz\u00e1m \/ C\u00e9gjegyz\u00e9ksz\u00e1m:<\/strong> 06-09-029237<\/p><p><strong>Bejegyz\u0151 c\u00e9gb\u00edr\u00f3s\u00e1g neve:<\/strong> Szegedi T\u00f6rv\u00e9nysz\u00e9k C\u00e9gb\u00edr\u00f3s\u00e1ga<\/p><p><strong>Sz\u00e9khelye:<\/strong> 6721 Szeged, Tisza Lajos k\u00f6r\u00fat 41.<\/p><p><strong>Ad\u00f3sz\u00e1ma:<\/strong> 32423314-2-06<\/p><p><strong>E-mail:<\/strong> buella.attila@gmail.com<\/p><p><strong>Telefon:<\/strong> +36 30 208 8999<\/p><p><strong>Weboldal:<\/strong> https:\/\/red24.hu\/<\/p><p><strong>T\u00e1rhelyszolg\u00e1ltat\u00f3:<\/strong> Rackhost Zrt.<\/p><p><strong>T\u00e1rhelyszolg\u00e1ltat\u00f3 el\u00e9rhet\u0151s\u00e9ge:<\/strong> +36 1 445 1200<\/p><p><strong>T\u00e1rhelyszolg\u00e1ltat\u00f3 e\u00fcgyf\u00e9lszolg. c\u00edme:<\/strong> info@rackhost.hu<\/p>\t\t\t\t\t\t\t\t<\/div>\n\t\t\t\t\t<\/div>\n\t\t\t\t<\/div>\n\t\t\t\t<\/div>","protected":false},"excerpt":{"rendered":"<p>Impresszum \u00dczemeltet\u0151 megnevez\u00e9se: Red Energy Kft. V\u00e1ll. azonos\u00edt\u00f3 sz\u00e1m \/ C\u00e9gjegyz\u00e9ksz\u00e1m: 06-09-029237 Bejegyz\u0151 c\u00e9gb\u00edr\u00f3s\u00e1g neve: Szegedi T\u00f6rv\u00e9nysz\u00e9k C\u00e9gb\u00edr\u00f3s\u00e1ga Sz\u00e9khelye: 6721 Szeged, Tisza Lajos k\u00f6r\u00fat 41. Ad\u00f3sz\u00e1ma: 32423314-2-06 E-mail: buella.attila@gmail.com Telefon: +36 30 208 8999 Weboldal: https:\/\/red24.hu\/ T\u00e1rhelyszolg\u00e1ltat\u00f3: Rackhost Zrt. T\u00e1rhelyszolg\u00e1ltat\u00f3 el\u00e9rhet\u0151s\u00e9ge: +36 1 445 1200 T\u00e1rhelyszolg\u00e1ltat\u00f3 e\u00fcgyf\u00e9lszolg. c\u00edme: info@rackhost.hu<\/p>","protected":false},"author":1,"featured_media":0,"parent":0,"menu_order":0,"comment_status":"closed","ping_status":"closed","template":"","meta":{"footnotes":""},"class_list":["post-328","page","type-page","status-publish","hentry"],"yoast_head":"<!-- This site is optimized with the Yoast SEO Premium plugin v27.4 (Yoast SEO v27.4) - https:\/\/yoast.com\/product\/yoast-seo-premium-wordpress\/ -->\n<title>Impresszum - Red24<\/title>\n<meta name=\"description\" content=\"C\u00e9gadatok.\" \/>\n<meta name=\"robots\" content=\"index, follow, max-snippet:-1, max-image-preview:large, max-video-preview:-1\" \/>\n<link rel=\"canonical\" href=\"https:\/\/red24.hu\/en\/impresszum\/\" \/>\n<meta property=\"og:locale\" content=\"en_US\" \/>\n<meta property=\"og:type\" content=\"article\" \/>\n<meta property=\"og:title\" content=\"Impresszum\" \/>\n<meta property=\"og:description\" content=\"C\u00e9gadatok.\" \/>\n<meta property=\"og:url\" content=\"https:\/\/red24.hu\/en\/impresszum\/\" \/>\n<meta property=\"og:site_name\" content=\"Red24\" \/>\n<meta property=\"article:modified_time\" content=\"2026-03-27T12:51:50+00:00\" \/>\n<meta name=\"twitter:card\" content=\"summary_large_image\" \/>\n<meta name=\"twitter:label1\" content=\"Est. reading time\" \/>\n\t<meta name=\"twitter:data1\" content=\"1 minute\" \/>\n<script type=\"application\/ld+json\" class=\"yoast-schema-graph\">{\"@context\":\"https:\\\/\\\/schema.org\",\"@graph\":[{\"@type\":\"WebPage\",\"@id\":\"https:\\\/\\\/red24.hu\\\/impresszum\\\/\",\"url\":\"https:\\\/\\\/red24.hu\\\/impresszum\\\/\",\"name\":\"Impresszum - Red24\",\"isPartOf\":{\"@id\":\"https:\\\/\\\/red24.hu\\\/#website\"},\"datePublished\":\"2026-03-09T19:41:30+00:00\",\"dateModified\":\"2026-03-27T12:51:50+00:00\",\"description\":\"C\u00e9gadatok.\",\"breadcrumb\":{\"@id\":\"https:\\\/\\\/red24.hu\\\/impresszum\\\/#breadcrumb\"},\"inLanguage\":\"en-US\",\"potentialAction\":[{\"@type\":\"ReadAction\",\"target\":[\"https:\\\/\\\/red24.hu\\\/impresszum\\\/\"]}]},{\"@type\":\"BreadcrumbList\",\"@id\":\"https:\\\/\\\/red24.hu\\\/impresszum\\\/#breadcrumb\",\"itemListElement\":[{\"@type\":\"ListItem\",\"position\":1,\"name\":\"Home\",\"item\":\"https:\\\/\\\/red24.hu\\\/\"},{\"@type\":\"ListItem\",\"position\":2,\"name\":\"Impresszum\"}]},{\"@type\":\"WebSite\",\"@id\":\"https:\\\/\\\/red24.hu\\\/#website\",\"url\":\"https:\\\/\\\/red24.hu\\\/\",\"name\":\"Red24\",\"description\":\"Ingatlaniroda\",\"publisher\":{\"@id\":\"https:\\\/\\\/red24.hu\\\/#organization\"},\"potentialAction\":[{\"@type\":\"SearchAction\",\"target\":{\"@type\":\"EntryPoint\",\"urlTemplate\":\"https:\\\/\\\/red24.hu\\\/?s={search_term_string}\"},\"query-input\":{\"@type\":\"PropertyValueSpecification\",\"valueRequired\":true,\"valueName\":\"search_term_string\"}}],\"inLanguage\":\"en-US\"},{\"@type\":\"Organization\",\"@id\":\"https:\\\/\\\/red24.hu\\\/#organization\",\"name\":\"Red24\",\"url\":\"https:\\\/\\\/red24.hu\\\/\",\"logo\":{\"@type\":\"ImageObject\",\"inLanguage\":\"en-US\",\"@id\":\"https:\\\/\\\/red24.hu\\\/#\\\/schema\\\/logo\\\/image\\\/\",\"url\":\"https:\\\/\\\/red24.hu\\\/wp-content\\\/uploads\\\/2026\\\/03\\\/red24-logo.png\",\"contentUrl\":\"https:\\\/\\\/red24.hu\\\/wp-content\\\/uploads\\\/2026\\\/03\\\/red24-logo.png\",\"width\":807,\"height\":281,\"caption\":\"Red24\"},\"image\":{\"@id\":\"https:\\\/\\\/red24.hu\\\/#\\\/schema\\\/logo\\\/image\\\/\"}}]}<\/script>\n<!-- \/ Yoast SEO Premium plugin. -->","yoast_head_json":{"title":"Impresszum - Red24","description":"C\u00e9gadatok.","robots":{"index":"index","follow":"follow","max-snippet":"max-snippet:-1","max-image-preview":"max-image-preview:large","max-video-preview":"max-video-preview:-1"},"canonical":"https:\/\/red24.hu\/en\/impresszum\/","og_locale":"en_US","og_type":"article","og_title":"Impresszum","og_description":"C\u00e9gadatok.","og_url":"https:\/\/red24.hu\/en\/impresszum\/","og_site_name":"Red24","article_modified_time":"2026-03-27T12:51:50+00:00","twitter_card":"summary_large_image","twitter_misc":{"Est. reading time":"1 minute"},"schema":{"@context":"https:\/\/schema.org","@graph":[{"@type":"WebPage","@id":"https:\/\/red24.hu\/impresszum\/","url":"https:\/\/red24.hu\/impresszum\/","name":"Impresszum - Red24","isPartOf":{"@id":"https:\/\/red24.hu\/#website"},"datePublished":"2026-03-09T19:41:30+00:00","dateModified":"2026-03-27T12:51:50+00:00","description":"C\u00e9gadatok.","breadcrumb":{"@id":"https:\/\/red24.hu\/impresszum\/#breadcrumb"},"inLanguage":"en-US","potentialAction":[{"@type":"ReadAction","target":["https:\/\/red24.hu\/impresszum\/"]}]},{"@type":"BreadcrumbList","@id":"https:\/\/red24.hu\/impresszum\/#breadcrumb","itemListElement":[{"@type":"ListItem","position":1,"name":"Home","item":"https:\/\/red24.hu\/"},{"@type":"ListItem","position":2,"name":"Impresszum"}]},{"@type":"WebSite","@id":"https:\/\/red24.hu\/#website","url":"https:\/\/red24.hu\/","name":"Red24","description":"Ingatlaniroda","publisher":{"@id":"https:\/\/red24.hu\/#organization"},"potentialAction":[{"@type":"SearchAction","target":{"@type":"EntryPoint","urlTemplate":"https:\/\/red24.hu\/?s={search_term_string}"},"query-input":{"@type":"PropertyValueSpecification","valueRequired":true,"valueName":"search_term_string"}}],"inLanguage":"en-US"},{"@type":"Organization","@id":"https:\/\/red24.hu\/#organization","name":"Red24","url":"https:\/\/red24.hu\/","logo":{"@type":"ImageObject","inLanguage":"en-US","@id":"https:\/\/red24.hu\/#\/schema\/logo\/image\/","url":"https:\/\/red24.hu\/wp-content\/uploads\/2026\/03\/red24-logo.png","contentUrl":"https:\/\/red24.hu\/wp-content\/uploads\/2026\/03\/red24-logo.png","width":807,"height":281,"caption":"Red24"},"image":{"@id":"https:\/\/red24.hu\/#\/schema\/logo\/image\/"}}]}},"_links":{"self":[{"href":"https:\/\/red24.hu\/en\/wp-json\/wp\/v2\/pages\/328","targetHints":{"allow":["GET"]}}],"collection":[{"href":"https:\/\/red24.hu\/en\/wp-json\/wp\/v2\/pages"}],"about":[{"href":"https:\/\/red24.hu\/en\/wp-json\/wp\/v2\/types\/page"}],"author":[{"embeddable":true,"href":"https:\/\/red24.hu\/en\/wp-json\/wp\/v2\/users\/1"}],"replies":[{"embeddable":true,"href":"https:\/\/red24.hu\/en\/wp-json\/wp\/v2\/comments?post=328"}],"version-history":[{"count":25,"href":"https:\/\/red24.hu\/en\/wp-json\/wp\/v2\/pages\/328\/revisions"}],"predecessor-version":[{"id":902,"href":"https:\/\/red24.hu\/en\/wp-json\/wp\/v2\/pages\/328\/revisions\/902"}],"wp:attachment":[{"href":"https:\/\/red24.hu\/en\/wp-json\/wp\/v2\/media?parent=328"}],"curies":[{"name":"wp","href":"https:\/\/api.w.org\/{rel}","templated":true}]}}